{"id":1062,"date":"2021-05-05T03:29:12","date_gmt":"2021-05-05T03:29:12","guid":{"rendered":"http:\/\/c2181072.ferozo.com\/h\/?page_id=1062"},"modified":"2025-08-07T16:55:22","modified_gmt":"2025-08-07T16:55:22","slug":"distribuidores","status":"publish","type":"page","link":"http:\/\/laherradura.com.ar\/h\/distribuidores\/","title":{"rendered":"Distribuidores"},"content":{"rendered":"\t\t<div data-elementor-type=\"wp-page\" data-elementor-id=\"1062\" class=\"elementor elementor-1062\">\n\t\t\t\t<div class=\"elementor-element elementor-element-6285f886 e-flex e-con-boxed e-con e-parent\" data-id=\"6285f886\" data-element_type=\"container\">\n\t\t\t\t\t<div class=\"e-con-inner\">\n\t\t\t\t<div class=\"elementor-element elementor-element-159e00df elementor-widget elementor-widget-text-editor\" data-id=\"159e00df\" data-element_type=\"widget\" data-widget_type=\"text-editor.default\">\n\t\t\t\t<div class=\"elementor-widget-container\">\n\t\t\t\t\t\t\t<h1 data-default=\"Your Heading Here\">\u00bfQueres ser distribuidor?<\/h1><p data-default=\"Enter your text here...\">Si quer\u00e9s sumarte a La Herradura y distribuir nuestros productos por favor complet\u00e1 el formulario y contanos d\u00f3nde est\u00e1s ubicado, c\u00f3mo est\u00e1 conformada tu estructura y las marcas que distribu\u00eds actualmente.<\/p><p><a href=\"http:\/\/laherradura.com.ar\/h\/wp-content\/uploads\/2022\/10\/herradura-log.png\" rel=\"noopener noreferrer\"><img fetchpriority=\"high\" decoding=\"async\" title=\"herradura-log\" src=\"\/\/laherradura.com.ar\/h\/wp-content\/uploads\/2022\/10\/herradura-log-281x300.png\" alt=\"\" width=\"281\" height=\"300\" data-id=\"1182\" \/><\/a><\/p>\t\t\t\t\t\t<\/div>\n\t\t\t\t<\/div>\n\t\t<div class=\"elementor-element elementor-element-b83a3fa e-con-full e-flex e-con e-child\" data-id=\"b83a3fa\" data-element_type=\"container\">\n\t\t\t\t<div class=\"elementor-element elementor-element-6492c07 elementor-widget elementor-widget-text-editor\" data-id=\"6492c07\" data-element_type=\"widget\" data-widget_type=\"text-editor.default\">\n\t\t\t\t<div class=\"elementor-widget-container\">\n\t\t\t\t\t\t\t<h3>CONTACTANOS: (0220) 493-1368 \/\/ (0220) 493-1566 Envianos tus datos a nuestro mail: info@laherradura.com.ar<\/h3>\t\t\t\t\t\t<\/div>\n\t\t\t\t<\/div>\n\t\t\t\t<\/div>\n\t\t\t\t\t<\/div>\n\t\t\t\t<\/div>\n\t\t\t\t<\/div>\n\t\t","protected":false},"excerpt":{"rendered":"<p>\u00bfQueres ser distribuidor? Si quer\u00e9s sumarte a La Herradura y distribuir nuestros productos por favor complet\u00e1 el formulario y contanos d\u00f3nde est\u00e1s ubicado, c\u00f3mo est\u00e1 conformada tu estructura y las marcas que distribu\u00eds actualmente. CONTACTANOS: (0220) 493-1368 \/\/ (0220) 493-1566 Envianos tus datos a nuestro mail: info@laherradura.com.ar<\/p>\n","protected":false},"author":3,"featured_media":1188,"parent":0,"menu_order":0,"comment_status":"closed","ping_status":"closed","template":"","meta":{"footnotes":""},"class_list":["post-1062","page","type-page","status-publish","has-post-thumbnail","hentry"],"_links":{"self":[{"href":"http:\/\/laherradura.com.ar\/h\/wp-json\/wp\/v2\/pages\/1062","targetHints":{"allow":["GET"]}}],"collection":[{"href":"http:\/\/laherradura.com.ar\/h\/wp-json\/wp\/v2\/pages"}],"about":[{"href":"http:\/\/laherradura.com.ar\/h\/wp-json\/wp\/v2\/types\/page"}],"author":[{"embeddable":true,"href":"http:\/\/laherradura.com.ar\/h\/wp-json\/wp\/v2\/users\/3"}],"replies":[{"embeddable":true,"href":"http:\/\/laherradura.com.ar\/h\/wp-json\/wp\/v2\/comments?post=1062"}],"version-history":[{"count":21,"href":"http:\/\/laherradura.com.ar\/h\/wp-json\/wp\/v2\/pages\/1062\/revisions"}],"predecessor-version":[{"id":1298,"href":"http:\/\/laherradura.com.ar\/h\/wp-json\/wp\/v2\/pages\/1062\/revisions\/1298"}],"wp:featuredmedia":[{"embeddable":true,"href":"http:\/\/laherradura.com.ar\/h\/wp-json\/wp\/v2\/media\/1188"}],"wp:attachment":[{"href":"http:\/\/laherradura.com.ar\/h\/wp-json\/wp\/v2\/media?parent=1062"}],"curies":[{"name":"wp","href":"https:\/\/api.w.org\/{rel}","templated":true}]}}