{"id":352,"date":"2014-06-27T09:11:17","date_gmt":"2014-06-27T09:11:17","guid":{"rendered":"https:\/\/laherradura.com.ar\/h\/philosophy\/"},"modified":"2022-10-02T14:16:01","modified_gmt":"2022-10-02T14:16:01","slug":"philosophy","status":"publish","type":"page","link":"http:\/\/laherradura.com.ar\/h\/philosophy\/","title":{"rendered":"Empresa"},"content":{"rendered":"<p>La Herradura es un emprendimiento familiar dedicado a la elaboraci\u00f3n y distribuci\u00f3n de tapas de empanadas, tapas de Pascualina y pastas frescas, con m\u00e1s de dos d\u00e9cadas elaborando productos con la m\u00e1s alta calidad. La experiencia y el compromiso de todos los que formamos parte de la empresa, nos llev\u00f3 a profesionalizar nuestros procesos de producci\u00f3n incorporando tecnolog\u00edas de punta, lo que nos permite llegar a nuestros clientes con la m\u00e1s alta calidad y al mejor precio.<\/p>\n<p>Somos una empresa argentina que trabajamos todos los d\u00edas para llevar a nuestros clientes productos que respeten nuestras tradici\u00f3n y nuestros sabores, esto nos permiti\u00f3 crecer a un rito constante y sostenido, desarrollar nuevas l\u00edneas de producci\u00f3n, extender nuestras rutas de distribuci\u00f3n y participaci\u00f3n en el mercado.<\/p>\n<div class=\"pixcode  pixcode--separator  separator separator--flower\">&#10043;<\/div>\n\n","protected":false},"excerpt":{"rendered":"<p>La Herradura es un emprendimiento familiar dedicado a la elaboraci\u00f3n y distribuci\u00f3n de tapas de empanadas, tapas de Pascualina y pastas frescas, con m\u00e1s de dos d\u00e9cadas elaborando productos con la m\u00e1s alta calidad. La experiencia y el compromiso de todos los que formamos parte de la empresa, nos llev\u00f3 a profesionalizar nuestros procesos de..<\/p>\n","protected":false},"author":3,"featured_media":1177,"parent":0,"menu_order":0,"comment_status":"closed","ping_status":"closed","template":"","meta":{"footnotes":""},"class_list":["post-352","page","type-page","status-publish","has-post-thumbnail","hentry"],"_links":{"self":[{"href":"http:\/\/laherradura.com.ar\/h\/wp-json\/wp\/v2\/pages\/352","targetHints":{"allow":["GET"]}}],"collection":[{"href":"http:\/\/laherradura.com.ar\/h\/wp-json\/wp\/v2\/pages"}],"about":[{"href":"http:\/\/laherradura.com.ar\/h\/wp-json\/wp\/v2\/types\/page"}],"author":[{"embeddable":true,"href":"http:\/\/laherradura.com.ar\/h\/wp-json\/wp\/v2\/users\/3"}],"replies":[{"embeddable":true,"href":"http:\/\/laherradura.com.ar\/h\/wp-json\/wp\/v2\/comments?post=352"}],"version-history":[{"count":1,"href":"http:\/\/laherradura.com.ar\/h\/wp-json\/wp\/v2\/pages\/352\/revisions"}],"predecessor-version":[{"id":1178,"href":"http:\/\/laherradura.com.ar\/h\/wp-json\/wp\/v2\/pages\/352\/revisions\/1178"}],"wp:featuredmedia":[{"embeddable":true,"href":"http:\/\/laherradura.com.ar\/h\/wp-json\/wp\/v2\/media\/1177"}],"wp:attachment":[{"href":"http:\/\/laherradura.com.ar\/h\/wp-json\/wp\/v2\/media?parent=352"}],"curies":[{"name":"wp","href":"https:\/\/api.w.org\/{rel}","templated":true}]}}