{"id":575,"date":"2014-05-30T08:42:12","date_gmt":"2014-05-30T08:42:12","guid":{"rendered":"https:\/\/laherradura.com.ar\/h\/frontpage\/"},"modified":"2022-10-02T01:04:15","modified_gmt":"2022-10-02T01:04:15","slug":"frontpage","status":"publish","type":"page","link":"https:\/\/laherradura.com.ar\/h\/","title":{"rendered":"Home Page"},"content":{"rendered":"<p>&nbsp;<\/p>\n\t<div class=\"pixcode  pixcode--grid  grid\" >\n\t\t\t<div class=\"island grid__item six-twelfths palm-one-whole\" >\n\t\t\n<p style=\"text-align: center;\"><hgroup class=\"pixcode  pixcode--heading article__headline\">\n\t<h2 class=\"headline__secondary\"><span class=\"first-letter\">D<\/span>escubr\u00ed<\/h2>\n\t<h1 class=\"headline__primary\">La Herradura<\/h1>\n<\/hgroup>\n<p style=\"text-align: center;\"><div class=\"pixcode  pixcode--separator  separator separator--flower separator_color--color\">&#10043;<\/div>\n\n<p>La experiencia y el compromiso de todos los que formamos parte de la empresa, nos llev\u00f3 a profesionalizar nuestros procesos de producci\u00f3n incorporando tecnolog\u00edas de punta, lo que nos permite llegar a nuestros clientes con la m\u00e1s alta calidad y al mejor precio.<\/p>\n<p style=\"text-align: center;\"><a  class=\"pixcode  pixcode--btn  btn  btn--text\" href=\"philosophy\/\" >Nuestra EMPRESA<\/a>\n\t<\/div>\n\t<div class=\"grid__item six-twelfths palm-one-whole\" >\n\t\t\n\n\t\t<style type='text\/css'>\n\t\t\t#gallery-0 {\n\t\t\t\tmargin: auto;\n\t\t\t}\n\t\t\t#gallery-0 .gallery-item {\n\t\t\t\tfloat: left;\n\t\t\t\ttext-align: center;\n\t\t\t\twidth: 100%;\n\t\t\t}\n\t\t\t\/* see gallery_shortcode() in wp-includes\/media.php *\/\n\t\t<\/style>\n\t\t<div id='gallery-0' class='gallery galleryid-575 gallery-columns-1 gallery-size-full'><figure class='gallery-item'>\n\t\t\t<div class='gallery-icon landscape'>\n\t\t\t\t<img fetchpriority=\"high\" decoding=\"async\" width=\"1280\" height=\"1280\" src=\"https:\/\/laherradura.com.ar\/h\/wp-content\/uploads\/2022\/10\/pastelito.jpg\" class=\"attachment-full size-full\" alt=\"\" srcset=\"https:\/\/laherradura.com.ar\/h\/wp-content\/uploads\/2022\/10\/pastelito.jpg 1280w, https:\/\/laherradura.com.ar\/h\/wp-content\/uploads\/2022\/10\/pastelito-300x300.jpg 300w, https:\/\/laherradura.com.ar\/h\/wp-content\/uploads\/2022\/10\/pastelito-1024x1024.jpg 1024w, https:\/\/laherradura.com.ar\/h\/wp-content\/uploads\/2022\/10\/pastelito-150x150.jpg 150w, https:\/\/laherradura.com.ar\/h\/wp-content\/uploads\/2022\/10\/pastelito-768x768.jpg 768w, https:\/\/laherradura.com.ar\/h\/wp-content\/uploads\/2022\/10\/pastelito-1200x1200.jpg 1200w, https:\/\/laherradura.com.ar\/h\/wp-content\/uploads\/2022\/10\/pastelito-900x900.jpg 900w, https:\/\/laherradura.com.ar\/h\/wp-content\/uploads\/2022\/10\/pastelito-400x400.jpg 400w, https:\/\/laherradura.com.ar\/h\/wp-content\/uploads\/2022\/10\/pastelito-600x600.jpg 600w, https:\/\/laherradura.com.ar\/h\/wp-content\/uploads\/2022\/10\/pastelito-100x100.jpg 100w\" sizes=\"(max-width: 1280px) 100vw, 1280px\" \/>\n\t\t\t<\/div><\/figure>\n\t\t<\/div>\n\n\t<\/div>\n\t<\/div>\n\n","protected":false},"excerpt":{"rendered":"<p>&nbsp;<\/p>\n","protected":false},"author":3,"featured_media":1121,"parent":0,"menu_order":0,"comment_status":"closed","ping_status":"closed","template":"","meta":{"footnotes":""},"class_list":["post-575","page","type-page","status-publish","has-post-thumbnail","hentry"],"_links":{"self":[{"href":"https:\/\/laherradura.com.ar\/h\/wp-json\/wp\/v2\/pages\/575","targetHints":{"allow":["GET"]}}],"collection":[{"href":"https:\/\/laherradura.com.ar\/h\/wp-json\/wp\/v2\/pages"}],"about":[{"href":"https:\/\/laherradura.com.ar\/h\/wp-json\/wp\/v2\/types\/page"}],"author":[{"embeddable":true,"href":"https:\/\/laherradura.com.ar\/h\/wp-json\/wp\/v2\/users\/3"}],"replies":[{"embeddable":true,"href":"https:\/\/laherradura.com.ar\/h\/wp-json\/wp\/v2\/comments?post=575"}],"version-history":[{"count":3,"href":"https:\/\/laherradura.com.ar\/h\/wp-json\/wp\/v2\/pages\/575\/revisions"}],"predecessor-version":[{"id":1154,"href":"https:\/\/laherradura.com.ar\/h\/wp-json\/wp\/v2\/pages\/575\/revisions\/1154"}],"wp:featuredmedia":[{"embeddable":true,"href":"https:\/\/laherradura.com.ar\/h\/wp-json\/wp\/v2\/media\/1121"}],"wp:attachment":[{"href":"https:\/\/laherradura.com.ar\/h\/wp-json\/wp\/v2\/media?parent=575"}],"curies":[{"name":"wp","href":"https:\/\/api.w.org\/{rel}","templated":true}]}}